{"id":5064,"date":"2015-06-04T09:00:06","date_gmt":"2015-06-04T09:00:06","guid":{"rendered":"http:\/\/www.andreasplace.com.gr\/contact\/"},"modified":"2023-09-12T19:17:17","modified_gmt":"2023-09-12T19:17:17","slug":"iletisim","status":"publish","type":"page","link":"https:\/\/www.andreasplace.com.gr\/tr\/iletisim\/","title":{"rendered":"\u0130letisim HAR\u0130TAYI G\u00d6R\u00dcNT\u00dcLEY\u0130N"},"content":{"rendered":"<div class=\"divider one\">&nbsp;<\/div>\n<div class=\"standard_wrapper\">\n<div  class=\"one_half withsmallpadding ppb_text\" style=\"padding:30px 0 30px 0;\" >\n<div class=\"standard_wrapper\">\n<div class=\"page_content_wrapper\">\n<div class=\"inner\">\n<div style=\"margin:auto;width:100%\">\n<p style=\"text-align: justify;\"><strong>Umar\u0131m yemeklerinizin tad\u0131n\u0131 \u00e7\u0131kar\u0131p, buradan g\u00fczel an\u0131larla ayr\u0131l\u0131rs\u0131n\u0131z. Restoran\u0131m\u0131zda d\u00fc\u011f\u00fcn ve \u00f6zel g\u00fcnlerinizin organizasyonu d\u00fczenlendi\u011fini bildirmek istiyoruz. Herhangi bir bilgi i\u00e7in l\u00fctfen a\u015fa\u011f\u0131daki formu doldurarak bizimle ileti\u015fime ge\u00e7in.<\/strong><\/p>\n<div class=\"wpcf7 no-js\" id=\"wpcf7-f5076-o1\" lang=\"en-US\" dir=\"ltr\">\n<div class=\"screen-reader-response\">\n<p role=\"status\" aria-live=\"polite\" aria-atomic=\"true\">\n<ul><\/ul>\n<\/div>\n<form action=\"\/wp-admin\/post.php#wpcf7-f5076-o1\" method=\"post\" class=\"wpcf7-form init\" aria-label=\"Contact form\" novalidate=\"novalidate\" data-status=\"init\">\n<div style=\"display: none;\">\n<input type=\"hidden\" name=\"_wpcf7\" value=\"5076\" \/><br \/>\n<input type=\"hidden\" name=\"_wpcf7_version\" value=\"5.8\" \/><br \/>\n<input type=\"hidden\" name=\"_wpcf7_locale\" value=\"en_US\" \/><br \/>\n<input type=\"hidden\" name=\"_wpcf7_unit_tag\" value=\"wpcf7-f5076-o1\" \/><br \/>\n<input type=\"hidden\" name=\"_wpcf7_container_post\" value=\"0\" \/><br \/>\n<input type=\"hidden\" name=\"_wpcf7_posted_data_hash\" value=\"\" \/><br \/>\n<input type=\"hidden\" name=\"_wpcf7_recaptcha_response\" value=\"\" \/>\n<\/div>\n<p>\u0130sim soyisim (gerekli)\n<\/p>\n<p><span class=\"wpcf7-form-control-wrap\" data-name=\"your-name\"><input size=\"40\" class=\"wpcf7-form-control wpcf7-text wpcf7-validates-as-required\" aria-required=\"true\" aria-invalid=\"false\" value=\"\" type=\"text\" name=\"your-name\" \/><\/span>\n<\/p>\n<p>E-mail (gerekli)\n<\/p>\n<p><span class=\"wpcf7-form-control-wrap\" data-name=\"your-email\"><input size=\"40\" class=\"wpcf7-form-control wpcf7-email wpcf7-validates-as-required wpcf7-text wpcf7-validates-as-email\" aria-required=\"true\" aria-invalid=\"false\" value=\"\" type=\"email\" name=\"your-email\" \/><\/span>\n<\/p>\n<p>Konu (gerekli)\n<\/p>\n<p><span class=\"wpcf7-form-control-wrap\" data-name=\"your-subject\"><input size=\"40\" class=\"wpcf7-form-control wpcf7-text wpcf7-validates-as-required\" aria-required=\"true\" aria-invalid=\"false\" value=\"\" type=\"text\" name=\"your-subject\" \/><\/span>\n<\/p>\n<p> Tarih (rezervasyon i\u00e7in)\n<\/p>\n<p><span class=\"wpcf7-form-control-wrap\" data-name=\"your-rsvdate\"><input class=\"wpcf7-form-control wpcf7-date wpcf7-validates-as-date\" min=\"2016-01-01\" max=\"2026-12-31\" aria-invalid=\"false\" value=\"\" type=\"date\" name=\"your-rsvdate\" \/><\/span>\n<\/p>\n<p>Mesajiniz (gerekli)\n<\/p>\n<p><span class=\"wpcf7-form-control-wrap\" data-name=\"your-message\"><textarea cols=\"40\" rows=\"10\" class=\"wpcf7-form-control wpcf7-textarea wpcf7-validates-as-required\" aria-required=\"true\" aria-invalid=\"false\" placeholder=\"Sorular\u0131n\u0131z\u0131 buraya yaz\u0131n...\" name=\"your-message\"><\/textarea><\/span>\n<\/p>\n<p>\n<span class=\"wpcf7-form-control-wrap recaptcha\" data-name=\"recaptcha\"><span data-sitekey=\"6LfU4yYTAAAAABf3-qRavtQRpEfgaocy_ZLp1Ubd\" class=\"wpcf7-form-control wpcf7-recaptcha g-recaptcha\"><\/span><br \/>\n<noscript><\/p>\n<div class=\"grecaptcha-noscript\">\n\t\t<iframe loading=\"lazy\" src=\"https:\/\/www.google.com\/recaptcha\/api\/fallback?k=6LfU4yYTAAAAABf3-qRavtQRpEfgaocy_ZLp1Ubd\" frameborder=\"0\" scrolling=\"no\" width=\"310\" height=\"430\"><br \/>\n\t\t<\/iframe><br \/>\n\t\t<textarea name=\"g-recaptcha-response\" rows=\"3\" cols=\"40\" placeholder=\"reCaptcha Response Here\"><br \/>\n\t\t<\/textarea>\n\t<\/div>\n<p><\/noscript><br \/>\n<\/span>\n<\/p>\n<p><input class=\"wpcf7-form-control wpcf7-submit has-spinner\" type=\"submit\" value=\"G\u00f6nder\" \/>\n<\/p>\n<p style=\"display: none !important;\"><label>&#916;<textarea name=\"_wpcf7_ak_hp_textarea\" cols=\"45\" rows=\"8\" maxlength=\"100\"><\/textarea><\/label><input type=\"hidden\" id=\"ak_js_1\" name=\"_wpcf7_ak_js\" value=\"60\"\/><script>document.getElementById( \"ak_js_1\" ).setAttribute( \"value\", ( new Date() ).getTime() );<\/script><\/p>\n<div class=\"wpcf7-response-output\" aria-hidden=\"true\"><\/div>\n<\/form>\n<\/div>\n<\/div>\n<\/div>\n<\/div>\n<\/div>\n<\/div>\n<\/div>\n<div class=\"standard_wrapper\">\n<div  class=\"one_half last\" style=\"padding:50px 0 50px 0;\" >\n<div class=\"page_content_wrapper\">\n<div class=\"inner\">\n<div class=\"image_classic_frame expand animate\">\n<div class=\"image_wrapper\"><a href=\"https:\/\/www.andreasplace.com.gr\/wp-content\/uploads\/2015\/06\/contact-form-right.jpg\" class=\"img_frame\"><img decoding=\"async\" src=\"https:\/\/www.andreasplace.com.gr\/wp-content\/uploads\/2015\/06\/contact-form-right.jpg\" class=\"portfolio_img\" alt=\"contact-form-right\"\/><\/a><\/div>\n<\/div>\n<\/div>\n<\/div>\n<\/div>\n<\/div>\n<div class=\"map_shortcode_wrapper\" id=\"map16945462371097902061\" style=\"width:100%;height:600px\">\n<div class=\"map-marker\" data-latlng=\"37.7824796,26.8755655\" ><\/div>\n<\/div>\n","protected":false},"excerpt":{"rendered":"<p>&nbsp; Umar\u0131m yemeklerinizin tad\u0131n\u0131 \u00e7\u0131kar\u0131p, buradan g\u00fczel an\u0131larla ayr\u0131l\u0131rs\u0131n\u0131z. Restoran\u0131m\u0131zda d\u00fc\u011f\u00fcn ve \u00f6zel g\u00fcnlerinizin organizasyonu d\u00fczenlendi\u011fini bildirmek istiyoruz. Herhangi bir bilgi i\u00e7in l\u00fctfen a\u015fa\u011f\u0131daki formu doldurarak bizimle ileti\u015fime ge\u00e7in. \u0130sim soyisim (gerekli) E-mail (gerekli) Konu (gerekli) Tarih (rezervasyon i\u00e7in) Mesajiniz [&hellip;]<\/p>\n","protected":false},"author":1,"featured_media":5180,"parent":0,"menu_order":0,"comment_status":"closed","ping_status":"closed","template":"","meta":{"footnotes":""},"class_list":["post-5064","page","type-page","status-publish","has-post-thumbnail","hentry"],"_links":{"self":[{"href":"https:\/\/www.andreasplace.com.gr\/tr\/wp-json\/wp\/v2\/pages\/5064","targetHints":{"allow":["GET"]}}],"collection":[{"href":"https:\/\/www.andreasplace.com.gr\/tr\/wp-json\/wp\/v2\/pages"}],"about":[{"href":"https:\/\/www.andreasplace.com.gr\/tr\/wp-json\/wp\/v2\/types\/page"}],"author":[{"embeddable":true,"href":"https:\/\/www.andreasplace.com.gr\/tr\/wp-json\/wp\/v2\/users\/1"}],"replies":[{"embeddable":true,"href":"https:\/\/www.andreasplace.com.gr\/tr\/wp-json\/wp\/v2\/comments?post=5064"}],"version-history":[{"count":15,"href":"https:\/\/www.andreasplace.com.gr\/tr\/wp-json\/wp\/v2\/pages\/5064\/revisions"}],"predecessor-version":[{"id":5237,"href":"https:\/\/www.andreasplace.com.gr\/tr\/wp-json\/wp\/v2\/pages\/5064\/revisions\/5237"}],"wp:featuredmedia":[{"embeddable":true,"href":"https:\/\/www.andreasplace.com.gr\/tr\/wp-json\/wp\/v2\/media\/5180"}],"wp:attachment":[{"href":"https:\/\/www.andreasplace.com.gr\/tr\/wp-json\/wp\/v2\/media?parent=5064"}],"curies":[{"name":"wp","href":"https:\/\/api.w.org\/{rel}","templated":true}]}}