{"id":5016,"date":"2016-07-28T12:52:06","date_gmt":"2016-07-28T12:52:06","guid":{"rendered":"http:\/\/www.andreasplace.com.gr\/menu\/"},"modified":"2023-09-12T18:59:12","modified_gmt":"2023-09-12T18:59:12","slug":"menu","status":"publish","type":"page","link":"https:\/\/www.andreasplace.com.gr\/tr\/menu\/","title":{"rendered":"MEN\u00dc"},"content":{"rendered":"<div  class=\"one ppb_card_two_cols_with_image\" style=\"padding-top:60px!important;position:relative;padding:40px 0 40px 0;\" >\n<div class=\"standard_wrapper\">\n<div class=\"page_content_wrapper\">\n<div class=\"inner\">\n<div class=\"one_half parallax_scroll_image\" style=\"width:65%;\">\n<div class=\"image_classic_frame expand\">\n<div class=\"image_wrapper\"><a href=\"https:\/\/www.andreasplace.com.gr\/wp-content\/uploads\/2016\/07\/menu-left.jpg\" class=\"img_frame\"><img decoding=\"async\" src=\"https:\/\/www.andreasplace.com.gr\/wp-content\/uploads\/2016\/07\/menu-left.jpg\" class=\"portfolio_img\" alt=\"menu-left\"\/><\/a><\/div>\n<\/div>\n<\/div>\n<div class=\"one_half last parallax_scroll\" style=\"width:45%;position:absolute;right:90px;padding:40px;background:#ffffff;\" data-stellar-ratio=\"1.3\">\n<h2 class=\"ppb_title\" ><span class=\"ppb_title_first\" >deneyin<\/span>YEMEKLER\u0130M\u0130Z\u0130<\/h2>\n<div class=\"page_header_sep left\" ><\/div>\n<\/p>\n<p style=\"text-align: justify;\">Akdeniz-Yunan mutfa\u011f\u0131na sahip olan restoran-bal\u0131k lokantas\u0131 <strong>Andreas Place<\/strong>, Yunanistan\u2019\u0131n her k\u00f6\u015fesinden mis kokulu lezzetleri bir araya getirip size sunmaktad\u0131r. B\u00fct\u00fcn yemeklerimiz ve salatalar\u0131m\u0131z i\u00e7in Samos adas\u0131nda yeti\u015ftirildi\u011fi taptaze etler, y\u00f6resel sebzeler, saf zeytinya\u011f\u0131 kullan\u0131lmaktad\u0131r. \u039cen\u00fcm\u00fcz s\u0131cak ve so\u011fuk meze, Samos adas\u0131n\u0131n y\u00f6resel spesiyalite ve taptaze deniz \u00fcr\u00fcnlerinden olu\u015fmaktad\u0131r. Ana yemek olarak geleneksel sulu yemekler, \u0131zgarada et ve taptaze bal\u0131k \u00e7e\u015fitleri sunulmaktad\u0131r. Ege denizinden \u00e7\u0131kan bal\u0131klar\u0131m\u0131z ve \u00f6b\u00fcr deniz \u00fcr\u00fcnlerimiz her zaman taptazedir. Gururla s\u0131cak ortam\u0131za e\u015fsiz bir yemek yolculu\u011fa sizi davet ediyoruz. Eminiz ki, vazge\u00e7ilmez yerlerinizden biri olacak!<\/p>\n<\/div>\n<p><br class=\"clear\"\/><\/div>\n<\/div>\n<\/div>\n<\/div>\n<div class=\"divider one\">&nbsp;<\/div>\n<div  class=\"parallax \" data-image=\"https:\/\/www.andreasplace.com.gr\/wp-content\/uploads\/2016\/07\/menu-parallaxn.jpg\" data-width=\"1920\" data-height=\"1108\" data-content-height=\"60\" ><\/div>\n<div  class=\"one withsmallpadding ppb_header \" style=\"padding-bottom:30px!important;text-align:center;padding:40px 0 40px 0;\" >\n<div class=\"standard_wrapper\">\n<div class=\"page_content_wrapper\">\n<div class=\"inner\">\n<div style=\"margin:auto;width:100%%;\">\n<h2 class=\"ppb_title\" style=\"\"><span class=\"ppb_title_first\" >yemek<\/span>\u00c7E\u015e\u0130TLER\u0130M\u0130Z<\/h2>\n<div class=\"page_header_sep center\"><\/div>\n<\/div>\n<\/div>\n<\/div>\n<\/div>\n<\/div>\n<div class=\"standard_wrapper\">\n<div  class=\"one\" style=\"padding:30px 0 30px 0;\" >\n<div class=\"page_content_wrapper\">\n<div class=\"inner\">\n<div class=\"one_half\">\n<div class=\"image_classic_frame expand animate\">\n<div class=\"image_wrapper\"><a href=\"https:\/\/www.andreasplace.com.gr\/wp-content\/uploads\/2016\/07\/menu-1.jpg\" class=\"img_frame\"><img decoding=\"async\" src=\"https:\/\/www.andreasplace.com.gr\/wp-content\/uploads\/2016\/07\/menu-1.jpg\" class=\"portfolio_img\" alt=\"menu-1\"\/><\/a><\/div>\n<\/div>\n<\/div>\n<div class=\"one_half last\">\n<div class=\"image_classic_frame expand animate\">\n<div class=\"image_wrapper\"><a href=\"https:\/\/www.andreasplace.com.gr\/wp-content\/uploads\/2016\/07\/menu-2.jpg\" class=\"img_frame\"><img decoding=\"async\" src=\"https:\/\/www.andreasplace.com.gr\/wp-content\/uploads\/2016\/07\/menu-2.jpg\" class=\"portfolio_img\" alt=\"menu-2\"\/><\/a><\/div>\n<\/div>\n<\/div>\n<p><br class=\"clear\"\/><\/p>\n<div class=\"one_half\">\n<div class=\"image_classic_frame expand animate\">\n<div class=\"image_wrapper\"><a href=\"https:\/\/www.andreasplace.com.gr\/wp-content\/uploads\/2016\/07\/menu-3.jpg\" class=\"img_frame\"><img decoding=\"async\" src=\"https:\/\/www.andreasplace.com.gr\/wp-content\/uploads\/2016\/07\/menu-3.jpg\" class=\"portfolio_img\" alt=\"menu-3\"\/><\/a><\/div>\n<\/div>\n<\/div>\n<div class=\"one_half last animate\">\n<div class=\"image_classic_frame expand\">\n<div class=\"image_wrapper\"><a href=\"https:\/\/www.andreasplace.com.gr\/wp-content\/uploads\/2016\/07\/menu-4.jpg\" class=\"img_frame\"><img decoding=\"async\" src=\"https:\/\/www.andreasplace.com.gr\/wp-content\/uploads\/2016\/07\/menu-4.jpg\" class=\"portfolio_img\" alt=\"menu-4\"\/><\/a><\/div>\n<\/div>\n<\/div>\n<\/div>\n<\/div>\n<\/div>\n<\/div>\n<\/div>\n<div class=\"standard_wrapper\">\n<div  class=\"one\" style=\"padding-top:0px!important; padding:30px 0 30px 0;\" >\n<div class=\"page_content_wrapper\">\n<div class=\"inner\">\n<div class=\"one_half\">\n<div class=\"image_classic_frame expand animate\">\n<div class=\"image_wrapper\"><a href=\"https:\/\/www.andreasplace.com.gr\/wp-content\/uploads\/2016\/07\/menu-5.jpg\" class=\"img_frame\"><img decoding=\"async\" src=\"https:\/\/www.andreasplace.com.gr\/wp-content\/uploads\/2016\/07\/menu-5.jpg\" class=\"portfolio_img\" alt=\"menu-5\"\/><\/a><\/div>\n<\/div>\n<\/div>\n<div class=\"one_half last\">\n<div class=\"image_classic_frame expand animate\">\n<div class=\"image_wrapper\"><a href=\"https:\/\/www.andreasplace.com.gr\/wp-content\/uploads\/2016\/07\/menu-6.jpg\" class=\"img_frame\"><img decoding=\"async\" src=\"https:\/\/www.andreasplace.com.gr\/wp-content\/uploads\/2016\/07\/menu-6.jpg\" class=\"portfolio_img\" alt=\"menu-6\"\/><\/a><\/div>\n<\/div>\n<\/div>\n<p><br class=\"clear\"\/><\/p>\n<div class=\"one_half\">\n<div class=\"image_classic_frame expand animate\">\n<div class=\"image_wrapper\"><a href=\"https:\/\/www.andreasplace.com.gr\/wp-content\/uploads\/2016\/07\/menu-7.jpg\" class=\"img_frame\"><img decoding=\"async\" src=\"https:\/\/www.andreasplace.com.gr\/wp-content\/uploads\/2016\/07\/menu-7.jpg\" class=\"portfolio_img\" alt=\"menu-7\"\/><\/a><\/div>\n<\/div>\n<\/div>\n<div class=\"one_half last animate\">\n<div class=\"image_classic_frame expand\">\n<div class=\"image_wrapper\"><a href=\"https:\/\/www.andreasplace.com.gr\/wp-content\/uploads\/2016\/07\/menu-8.jpg\" class=\"img_frame\"><img decoding=\"async\" src=\"https:\/\/www.andreasplace.com.gr\/wp-content\/uploads\/2016\/07\/menu-8.jpg\" class=\"portfolio_img\" alt=\"menu-8\"\/><\/a><\/div>\n<\/div>\n<\/div>\n<\/div>\n<\/div>\n<\/div>\n<\/div>\n<\/div>\n<div class=\"standard_wrapper\">\n<div  class=\"one\" style=\"padding-top:0px!important; padding:60px 0 60px 0;\" >\n<div class=\"page_content_wrapper\">\n<div class=\"inner\">\n<div class=\"one_half\">\n<div class=\"image_classic_frame expand animate\">\n<div class=\"image_wrapper\"><a href=\"https:\/\/www.andreasplace.com.gr\/wp-content\/uploads\/2016\/07\/menu-9.jpg\" class=\"img_frame\"><img decoding=\"async\" src=\"https:\/\/www.andreasplace.com.gr\/wp-content\/uploads\/2016\/07\/menu-9.jpg\" class=\"portfolio_img\" alt=\"menu-9\"\/><\/a><\/div>\n<\/div>\n<\/div>\n<div class=\"one_half last\">\n<div class=\"image_classic_frame expand animate\">\n<div class=\"image_wrapper\"><a href=\"https:\/\/www.andreasplace.com.gr\/wp-content\/uploads\/2016\/07\/menu-10.jpg\" class=\"img_frame\"><img decoding=\"async\" src=\"https:\/\/www.andreasplace.com.gr\/wp-content\/uploads\/2016\/07\/menu-10.jpg\" class=\"portfolio_img\" alt=\"menu-10\"\/><\/a><\/div>\n<\/div>\n<\/div>\n<p><br class=\"clear\"\/><\/p>\n<div class=\"one_half\">\n<div class=\"image_classic_frame expand animate\">\n<div class=\"image_wrapper\"><a href=\"https:\/\/www.andreasplace.com.gr\/wp-content\/uploads\/2016\/07\/menu-11.jpg\" class=\"img_frame\"><img decoding=\"async\" src=\"https:\/\/www.andreasplace.com.gr\/wp-content\/uploads\/2016\/07\/menu-11.jpg\" class=\"portfolio_img\" alt=\"menu-11\"\/><\/a><\/div>\n<\/div>\n<\/div>\n<div class=\"one_half last animate\">\n<div class=\"image_classic_frame expand\">\n<div class=\"image_wrapper\"><a href=\"https:\/\/www.andreasplace.com.gr\/wp-content\/uploads\/2016\/07\/menu-12.jpg\" class=\"img_frame\"><img decoding=\"async\" src=\"https:\/\/www.andreasplace.com.gr\/wp-content\/uploads\/2016\/07\/menu-12.jpg\" class=\"portfolio_img\" alt=\"menu-12\"\/><\/a><\/div>\n<\/div>\n<\/div>\n<\/div>\n<\/div>\n<\/div>\n<\/div>\n<\/div>\n","protected":false},"excerpt":{"rendered":"<p>deneyinYEMEKLER\u0130M\u0130Z\u0130 Akdeniz-Yunan mutfa\u011f\u0131na sahip olan restoran-bal\u0131k lokantas\u0131 Andreas Place, Yunanistan\u2019\u0131n her k\u00f6\u015fesinden mis kokulu lezzetleri bir araya getirip size sunmaktad\u0131r. B\u00fct\u00fcn yemeklerimiz ve salatalar\u0131m\u0131z i\u00e7in Samos adas\u0131nda yeti\u015ftirildi\u011fi taptaze etler, y\u00f6resel sebzeler, saf zeytinya\u011f\u0131 kullan\u0131lmaktad\u0131r. \u039cen\u00fcm\u00fcz s\u0131cak ve so\u011fuk meze, [&hellip;]<\/p>\n","protected":false},"author":1,"featured_media":5134,"parent":0,"menu_order":0,"comment_status":"closed","ping_status":"closed","template":"","meta":{"footnotes":""},"class_list":["post-5016","page","type-page","status-publish","has-post-thumbnail","hentry"],"_links":{"self":[{"href":"https:\/\/www.andreasplace.com.gr\/tr\/wp-json\/wp\/v2\/pages\/5016","targetHints":{"allow":["GET"]}}],"collection":[{"href":"https:\/\/www.andreasplace.com.gr\/tr\/wp-json\/wp\/v2\/pages"}],"about":[{"href":"https:\/\/www.andreasplace.com.gr\/tr\/wp-json\/wp\/v2\/types\/page"}],"author":[{"embeddable":true,"href":"https:\/\/www.andreasplace.com.gr\/tr\/wp-json\/wp\/v2\/users\/1"}],"replies":[{"embeddable":true,"href":"https:\/\/www.andreasplace.com.gr\/tr\/wp-json\/wp\/v2\/comments?post=5016"}],"version-history":[{"count":26,"href":"https:\/\/www.andreasplace.com.gr\/tr\/wp-json\/wp\/v2\/pages\/5016\/revisions"}],"predecessor-version":[{"id":5234,"href":"https:\/\/www.andreasplace.com.gr\/tr\/wp-json\/wp\/v2\/pages\/5016\/revisions\/5234"}],"wp:featuredmedia":[{"embeddable":true,"href":"https:\/\/www.andreasplace.com.gr\/tr\/wp-json\/wp\/v2\/media\/5134"}],"wp:attachment":[{"href":"https:\/\/www.andreasplace.com.gr\/tr\/wp-json\/wp\/v2\/media?parent=5016"}],"curies":[{"name":"wp","href":"https:\/\/api.w.org\/{rel}","templated":true}]}}