{"id":4989,"date":"2015-07-27T09:00:28","date_gmt":"2015-07-27T09:00:28","guid":{"rendered":"http:\/\/www.andreasplace.com.gr\/home\/"},"modified":"2017-07-27T09:15:33","modified_gmt":"2017-07-27T09:15:33","slug":"home","status":"publish","type":"page","link":"https:\/\/www.andreasplace.com.gr\/tr\/","title":{"rendered":"ANA SAYFA"},"content":{"rendered":"<div  class=\"one\" style=\"position:relative;padding:0px 0 0px 0;\" >\n<div class=\"standard_wrapper\">\n<div class=\"page_content_wrapper\">\n<div class=\"inner\">\n<div class=\"one_half parallax_scroll\" style=\"width:50%;position:absolute;left:90px;padding:0px;z-index:2;block !important;background:#fff;\" data-stellar-ratio=\"1.3\">\n<h2 class=\"ppb_title\" ><span class=\"ppb_title_first\" >kesfedin<\/span>RESTORANIMIZI<\/h2>\n<div class=\"page_header_sep left\" ><\/div>\n<\/p>\n<p style=\"text-align: justify;\">Samos adas\u0131\u2019n\u0131n Kokkari k\u00f6y\u00fcndeki bulunan restoran- bal\u0131k lokantas\u0131 <strong>Andreas Place<\/strong> \u00e7ok me\u015fhurdur. Adan\u0131n en g\u00fczel plajlar\u0131ndan bir tanesi, Lemonakia plaj\u03b9nda, 15 y\u0131ldan beri 10 d\u00f6n\u00fcm bir arsada hizmette bulunmaktad\u0131r. Restoran-bal\u0131k lokantas\u0131 Andreas Place damak tad\u0131na sahip ki\u015filer i\u00e7in bulu\u015fma noktas\u0131d\u0131r. Ayr\u0131ca, sahibi Andreas Partsafas\u2019\u0131n taraf\u0131ndan d\u00fczenlenmi\u015f ve sunulmu\u015f ola\u011fan\u00fcst\u00fc mutfak lezzetleri i\u00e7in \u00fcnl\u00fcd\u00fcr. Geleneksel ve o kadar da g\u00fczel yerimizde, tabiat\u0131n renklerin ve s\u0131cak atmosferin e\u015fli\u011finde lezzetli yunan mutfa\u011f\u0131ndan gelen spesiyalite, taptaze bal\u0131k \u00e7e\u015fitleri, geleneksel meze \u00e7e\u015fitleri, el yap\u0131m\u0131 nefis tatl\u0131lar ve so\u011fuk i\u00e7ecekler afiyetle t\u00fcketebileceksiniz. E\u011fer nefis bir yemek, lezzetli mezeler, geleneksel yemekler ve taptaze bal\u0131k \u00e7e\u015fitleri t\u00fcketmek istiyorsan\u0131z, o zaman b\u00f6lgenin en iyi tercihlerinden bir tanesi, restoran-bal\u0131k lokantas\u0131 Andreas Place\u2019tir.<\/p>\n<\/div>\n<div class=\"one_half parallax_scroll_image last\" style=\"width:50%;\"><\/div>\n<p><br class=\"clear\"\/><\/div>\n<\/div>\n<\/div>\n<\/div>\n<div  class=\"one\" style=\"position:relative;padding:0px 0 0px 0;\" >\n<div class=\"standard_wrapper\">\n<div class=\"page_content_wrapper\">\n<div class=\"inner\">\n<div class=\"one_half parallax_scroll\" style=\"width:50%;position:absolute;left:90px;padding:0px;z-index:2;block !important;background:#fff;\" data-stellar-ratio=\"1.3\">\n<h2 class=\"ppb_title\" ><span class=\"ppb_title_first\" >kesfedin<\/span>RESTORANIMIZI<\/h2>\n<div class=\"page_header_sep left\" ><\/div>\n<\/p>\n<p style=\"text-align: justify;\">Samos adas\u0131\u2019n\u0131n Kokkari k\u00f6y\u00fcndeki bulunan restoran- bal\u0131k lokantas\u0131 <strong>Andreas Place<\/strong> \u00e7ok me\u015fhurdur. Adan\u0131n en g\u00fczel plajlar\u0131ndan bir tanesi, Lemonakia plaj\u03b9nda, 15 y\u0131ldan beri 10 d\u00f6n\u00fcm bir arsada hizmette bulunmaktad\u0131r. Restoran-bal\u0131k lokantas\u0131 Andreas Place damak tad\u0131na sahip ki\u015filer i\u00e7in bulu\u015fma noktas\u0131d\u0131r. Ayr\u0131ca, sahibi Andreas Partsafas\u2019\u0131n taraf\u0131ndan d\u00fczenlenmi\u015f ve sunulmu\u015f ola\u011fan\u00fcst\u00fc mutfak lezzetleri i\u00e7in \u00fcnl\u00fcd\u00fcr. Geleneksel ve o kadar da g\u00fczel yerimizde, tabiat\u0131n renklerin ve s\u0131cak atmosferin e\u015fli\u011finde lezzetli yunan mutfa\u011f\u0131ndan gelen spesiyalite, taptaze bal\u0131k \u00e7e\u015fitleri, geleneksel meze \u00e7e\u015fitleri, el yap\u0131m\u0131 nefis tatl\u0131lar ve so\u011fuk i\u00e7ecekler afiyetle t\u00fcketebileceksiniz. E\u011fer nefis bir yemek, lezzetli mezeler, geleneksel yemekler ve taptaze bal\u0131k \u00e7e\u015fitleri t\u00fcketmek istiyorsan\u0131z, o zaman b\u00f6lgenin en iyi tercihlerinden bir tanesi, restoran-bal\u0131k lokantas\u0131 Andreas Place\u2019tir.<\/p>\n<\/div>\n<div class=\"one_half parallax_scroll_image last\" style=\"width:50%;\"><\/div>\n<p><br class=\"clear\"\/><\/div>\n<\/div>\n<\/div>\n<\/div>\n<div  class=\"one\" style=\"position:relative;padding:0px 0 0px 0;\" >\n<div class=\"standard_wrapper\">\n<div class=\"page_content_wrapper\">\n<div class=\"inner\">\n<div class=\"one_half parallax_scroll\" style=\"width:50%;position:absolute;left:90px;padding:0px;z-index:2;block !important;background:#fff;\" data-stellar-ratio=\"1.3\">\n<h2 class=\"ppb_title\" ><span class=\"ppb_title_first\" >kesfedin<\/span>RESTORANIMIZI<\/h2>\n<div class=\"page_header_sep left\" ><\/div>\n<\/p>\n<p style=\"text-align: justify;\">Samos adas\u0131\u2019n\u0131n Kokkari k\u00f6y\u00fcndeki bulunan restoran- bal\u0131k lokantas\u0131 <strong>Andreas Place<\/strong> \u00e7ok me\u015fhurdur. Adan\u0131n en g\u00fczel plajlar\u0131ndan bir tanesi, Lemonakia plaj\u03b9nda, 15 y\u0131ldan beri 10 d\u00f6n\u00fcm bir arsada hizmette bulunmaktad\u0131r. Restoran-bal\u0131k lokantas\u0131 Andreas Place damak tad\u0131na sahip ki\u015filer i\u00e7in bulu\u015fma noktas\u0131d\u0131r. Ayr\u0131ca, sahibi Andreas Partsafas\u2019\u0131n taraf\u0131ndan d\u00fczenlenmi\u015f ve sunulmu\u015f ola\u011fan\u00fcst\u00fc mutfak lezzetleri i\u00e7in \u00fcnl\u00fcd\u00fcr. Geleneksel ve o kadar da g\u00fczel yerimizde, tabiat\u0131n renklerin ve s\u0131cak atmosferin e\u015fli\u011finde lezzetli yunan mutfa\u011f\u0131ndan gelen spesiyalite, taptaze bal\u0131k \u00e7e\u015fitleri, geleneksel meze \u00e7e\u015fitleri, el yap\u0131m\u0131 nefis tatl\u0131lar ve so\u011fuk i\u00e7ecekler afiyetle t\u00fcketebileceksiniz. E\u011fer nefis bir yemek, lezzetli mezeler, geleneksel yemekler ve taptaze bal\u0131k \u00e7e\u015fitleri t\u00fcketmek istiyorsan\u0131z, o zaman b\u00f6lgenin en iyi tercihlerinden bir tanesi, restoran-bal\u0131k lokantas\u0131 Andreas Place\u2019tir.<\/p>\n<\/div>\n<div class=\"one_half parallax_scroll_image last\" style=\"width:50%;\"><\/div>\n<p><br class=\"clear\"\/><\/div>\n<\/div>\n<\/div>\n<\/div>\n<div  class=\"one\" style=\"position:relative;padding:0px 0 0px 0;\" >\n<div class=\"standard_wrapper\">\n<div class=\"page_content_wrapper\">\n<div class=\"inner\">\n<div class=\"one_half parallax_scroll\" style=\"width:50%;position:absolute;left:90px;padding:0px;z-index:2;block !important;background:#fff;\" data-stellar-ratio=\"1.3\">\n<h2 class=\"ppb_title\" ><span class=\"ppb_title_first\" >kesfedin<\/span>RESTORANIMIZI<\/h2>\n<div class=\"page_header_sep left\" ><\/div>\n<\/p>\n<p style=\"text-align: justify;\">Samos adas\u0131\u2019n\u0131n Kokkari k\u00f6y\u00fcndeki bulunan restoran- bal\u0131k lokantas\u0131 <strong>Andreas Place<\/strong> \u00e7ok me\u015fhurdur. Adan\u0131n en g\u00fczel plajlar\u0131ndan bir tanesi, Lemonakia plaj\u03b9nda, 15 y\u0131ldan beri 10 d\u00f6n\u00fcm bir arsada hizmette bulunmaktad\u0131r. Restoran-bal\u0131k lokantas\u0131 Andreas Place damak tad\u0131na sahip ki\u015filer i\u00e7in bulu\u015fma noktas\u0131d\u0131r. Ayr\u0131ca, sahibi Andreas Partsafas\u2019\u0131n taraf\u0131ndan d\u00fczenlenmi\u015f ve sunulmu\u015f ola\u011fan\u00fcst\u00fc mutfak lezzetleri i\u00e7in \u00fcnl\u00fcd\u00fcr. Geleneksel ve o kadar da g\u00fczel yerimizde, tabiat\u0131n renklerin ve s\u0131cak atmosferin e\u015fli\u011finde lezzetli yunan mutfa\u011f\u0131ndan gelen spesiyalite, taptaze bal\u0131k \u00e7e\u015fitleri, geleneksel meze \u00e7e\u015fitleri, el yap\u0131m\u0131 nefis tatl\u0131lar ve so\u011fuk i\u00e7ecekler afiyetle t\u00fcketebileceksiniz. E\u011fer nefis bir yemek, lezzetli mezeler, geleneksel yemekler ve taptaze bal\u0131k \u00e7e\u015fitleri t\u00fcketmek istiyorsan\u0131z, o zaman b\u00f6lgenin en iyi tercihlerinden bir tanesi, restoran-bal\u0131k lokantas\u0131 Andreas Place\u2019tir.<\/p>\n<\/div>\n<div class=\"one_half parallax_scroll_image last\" style=\"width:50%;\"><\/div>\n<p><br class=\"clear\"\/><\/div>\n<\/div>\n<\/div>\n<\/div>\n<div  class=\"one\" style=\"position:relative;padding:0px 0 0px 0;\" >\n<div class=\"standard_wrapper\">\n<div class=\"page_content_wrapper\">\n<div class=\"inner\">\n<div class=\"one_half parallax_scroll\" style=\"width:50%;position:absolute;left:90px;padding:0px;z-index:2;block !important;background:#fff;\" data-stellar-ratio=\"1.3\">\n<h2 class=\"ppb_title\" ><span class=\"ppb_title_first\" >neden<\/span>B\u0130Z\u0130 Z\u0130YARET ETMEL\u0130S\u0130N\u0130Z <\/h2>\n<div class=\"page_header_sep left\" ><\/div>\n<\/p>\n<p style=\"text-align: justify;\">S\u0131cak ortam\u0131m\u0131z, d\u00fc\u015f\u00fck fiyatlar\u0131m\u0131z ve Andreas place restoran\u0131n sunulan muhte\u015fem manzaras\u0131 bizi ziyaret etmeniz i\u00e7in birka\u00e7 neden olabilir. Restoran\u0131m\u0131z orijinal, geleneksel yunan restoranlar\u0131n temsilci olarak s\u0131cak bir ortamda, yunan misafirperverlili\u011fi ve h\u0131zl\u0131 servisle de\u011ferli m\u00fc\u015fterilerimize sayg\u0131 ve sorumluluk kurallar\u0131 \u00e7er\u00e7evesinde yakla\u015fmaktad\u0131r. Restoran sahibi, yunan mutfa\u011f\u0131, taptaze bal\u0131k ve deniz mahsull\u00fcne y\u0131llardan beri restoran\u0131 i\u015fledi\u011fi i\u00e7in tecr\u00fcbeyi kazanarak kendisi b\u00fct\u00fcn yemeklerin yap\u0131l\u0131\u015f\u0131n\u0131 yak\u0131ndan takip ederek yemeklerin en \u00fcst seviye kalitesi, lezzeti ve hijyeni\u011fi sa\u011flamaktad\u0131r. De\u011ferli m\u00fc\u015fterilerimize h\u0131zl\u0131 servis hizmetimizle ve personelimiz taraf\u0131ndan g\u00f6sterilen misafirperverlili\u011fi Samos adas\u0131nda bulunan kaliteli ve zevkli sunulan yemeklerin sayesinde en \u00f6n s\u0131ralara gelen en iyi restoranlardan biridir.<\/p>\n<\/div>\n<div class=\"one_half parallax_scroll_image last\" style=\"width:50%;\"><\/div>\n<p><br class=\"clear\"\/><\/div>\n<\/div>\n<\/div>\n<\/div>\n<div  class=\"one\" style=\"position:relative;padding:0px 0 0px 0;\" >\n<div class=\"standard_wrapper\">\n<div class=\"page_content_wrapper\">\n<div class=\"inner\">\n<div class=\"one_half parallax_scroll\" style=\"width:50%;position:absolute;left:90px;padding:0px;z-index:2;block !important;background:#fff;\" data-stellar-ratio=\"1.3\">\n<h2 class=\"ppb_title\" ><span class=\"ppb_title_first\" >neden<\/span>B\u0130Z\u0130 Z\u0130YARET ETMEL\u0130S\u0130N\u0130Z <\/h2>\n<div class=\"page_header_sep left\" ><\/div>\n<\/p>\n<p style=\"text-align: justify;\">S\u0131cak ortam\u0131m\u0131z, d\u00fc\u015f\u00fck fiyatlar\u0131m\u0131z ve Andreas place restoran\u0131n sunulan muhte\u015fem manzaras\u0131 bizi ziyaret etmeniz i\u00e7in birka\u00e7 neden olabilir. Restoran\u0131m\u0131z orijinal, geleneksel yunan restoranlar\u0131n temsilci olarak s\u0131cak bir ortamda, yunan misafirperverlili\u011fi ve h\u0131zl\u0131 servisle de\u011ferli m\u00fc\u015fterilerimize sayg\u0131 ve sorumluluk kurallar\u0131 \u00e7er\u00e7evesinde yakla\u015fmaktad\u0131r. Restoran sahibi, yunan mutfa\u011f\u0131, taptaze bal\u0131k ve deniz mahsull\u00fcne y\u0131llardan beri restoran\u0131 i\u015fledi\u011fi i\u00e7in tecr\u00fcbeyi kazanarak kendisi b\u00fct\u00fcn yemeklerin yap\u0131l\u0131\u015f\u0131n\u0131 yak\u0131ndan takip ederek yemeklerin en \u00fcst seviye kalitesi, lezzeti ve hijyeni\u011fi sa\u011flamaktad\u0131r. De\u011ferli m\u00fc\u015fterilerimize h\u0131zl\u0131 servis hizmetimizle ve personelimiz taraf\u0131ndan g\u00f6sterilen misafirperverlili\u011fi Samos adas\u0131nda bulunan kaliteli ve zevkli sunulan yemeklerin sayesinde en \u00f6n s\u0131ralara gelen en iyi restoranlardan biridir.<\/p>\n<\/div>\n<div class=\"one_half parallax_scroll_image last\" style=\"width:50%;\"><\/div>\n<p><br class=\"clear\"\/><\/div>\n<\/div>\n<\/div>\n<\/div>\n","protected":false},"excerpt":{"rendered":"<p>kesfedinRESTORANIMIZI Samos adas\u0131\u2019n\u0131n Kokkari k\u00f6y\u00fcndeki bulunan restoran- bal\u0131k lokantas\u0131 Andreas Place \u00e7ok me\u015fhurdur. Adan\u0131n en g\u00fczel plajlar\u0131ndan bir tanesi, Lemonakia plaj\u03b9nda, 15 y\u0131ldan beri 10 d\u00f6n\u00fcm bir arsada hizmette bulunmaktad\u0131r. Restoran-bal\u0131k lokantas\u0131 Andreas Place damak tad\u0131na sahip ki\u015filer i\u00e7in bulu\u015fma [&hellip;]<\/p>\n","protected":false},"author":1,"featured_media":0,"parent":0,"menu_order":0,"comment_status":"closed","ping_status":"closed","template":"","meta":{"footnotes":""},"class_list":["post-4989","page","type-page","status-publish","hentry"],"_links":{"self":[{"href":"https:\/\/www.andreasplace.com.gr\/tr\/wp-json\/wp\/v2\/pages\/4989","targetHints":{"allow":["GET"]}}],"collection":[{"href":"https:\/\/www.andreasplace.com.gr\/tr\/wp-json\/wp\/v2\/pages"}],"about":[{"href":"https:\/\/www.andreasplace.com.gr\/tr\/wp-json\/wp\/v2\/types\/page"}],"author":[{"embeddable":true,"href":"https:\/\/www.andreasplace.com.gr\/tr\/wp-json\/wp\/v2\/users\/1"}],"replies":[{"embeddable":true,"href":"https:\/\/www.andreasplace.com.gr\/tr\/wp-json\/wp\/v2\/comments?post=4989"}],"version-history":[{"count":24,"href":"https:\/\/www.andreasplace.com.gr\/tr\/wp-json\/wp\/v2\/pages\/4989\/revisions"}],"predecessor-version":[{"id":5013,"href":"https:\/\/www.andreasplace.com.gr\/tr\/wp-json\/wp\/v2\/pages\/4989\/revisions\/5013"}],"wp:attachment":[{"href":"https:\/\/www.andreasplace.com.gr\/tr\/wp-json\/wp\/v2\/media?parent=4989"}],"curies":[{"name":"wp","href":"https:\/\/api.w.org\/{rel}","templated":true}]}}